{"id":232,"date":"2024-09-09T14:08:21","date_gmt":"2024-09-09T14:08:21","guid":{"rendered":"https:\/\/arkdin-wp.laralink.com\/?page_id=232"},"modified":"2026-03-23T10:44:21","modified_gmt":"2026-03-23T10:44:21","slug":"kontakt","status":"publish","type":"page","link":"https:\/\/polarbl.ba\/ba\/kontakt\/","title":{"rendered":"Kontakt"},"content":{"rendered":"<div data-elementor-type=\"wp-page\" data-elementor-id=\"232\" class=\"elementor elementor-232\" data-elementor-post-type=\"page\">\n\t\t\t\t<div class=\"elementor-element elementor-element-d4deb48 e-con-full e-flex e-con e-parent\" data-id=\"d4deb48\" data-element_type=\"container\">\n\t\t\t\t<div class=\"elementor-element elementor-element-14e1889 elementor-widget elementor-widget-contact-info\" data-id=\"14e1889\" data-element_type=\"widget\" data-widget_type=\"contact-info.default\">\n\t\t\t\t<div class=\"elementor-widget-container\">\n\t\t\t\t\t\r\n    <!-- Start Contact Section -->\r\n    <section>\r\n      <div class=\"cs_height_120 cs_height_lg_80\"><\/div>\r\n      <div class=\"container\">\r\n        <div class=\"row cs_gap_y_50\">\r\n          <div class=\"col-xxl-6 col-lg-7\">\r\n                        <h2 class=\"cs_fs_48 cs_semibold cs_mb_22\">Kontakt informacije<\/h2>\r\n                                    <p class=\"cs_mb_30\">Za sve pitanja mo\u017eete nam se obratiti na neki od navedenih na\u010dina:<\/p>\r\n                        <div class=\"row cs_gap_y_30 cs_row_gap_30\">\r\n                              <div class=\"col-xl-6\">\r\n                <div class=\"cs_iconbox cs_style_3\">\r\n                  <div class=\"cs_iconbox_icon cs_center\">\r\n                    <img decoding=\"async\" src=\"https:\/\/polarbl.ba\/wp-content\/uploads\/2024\/11\/contact_icon_1.svg\" alt=\"\">\r\n                  <\/div>\r\n                  <div class=\"cs_iconbox_right\">\r\n                    <h3 class=\"cs_fs_20 cs_medium cs_mb_5\">Na\u0161a lokacija<\/h3>\r\n                    <p class=\"mb-0\">Jovana Du\u010di\u0107a 25, Banja Luka, BiH<\/p>\r\n                  <\/div>\r\n                <\/div>\r\n              <\/div>\r\n                          <div class=\"col-xl-6\">\r\n                <div class=\"cs_iconbox cs_style_3\">\r\n                  <div class=\"cs_iconbox_icon cs_center\">\r\n                    <img decoding=\"async\" src=\"https:\/\/polarbl.ba\/wp-content\/uploads\/2024\/11\/contact_icon_2.svg\" alt=\"\">\r\n                  <\/div>\r\n                  <div class=\"cs_iconbox_right\">\r\n                    <h3 class=\"cs_fs_20 cs_medium cs_mb_5\">Kontakt telefon<\/h3>\r\n                    <p class=\"mb-0\">051 810-097<br><\/p>\r\n                  <\/div>\r\n                <\/div>\r\n              <\/div>\r\n                          <div class=\"col-xl-6\">\r\n                <div class=\"cs_iconbox cs_style_3\">\r\n                  <div class=\"cs_iconbox_icon cs_center\">\r\n                    <img decoding=\"async\" src=\"https:\/\/polarbl.ba\/wp-content\/uploads\/2024\/11\/contact_icon_3.svg\" alt=\"\">\r\n                  <\/div>\r\n                  <div class=\"cs_iconbox_right\">\r\n                    <h3 class=\"cs_fs_20 cs_medium cs_mb_5\">Email Adresa<\/h3>\r\n                    <p class=\"mb-0\">info@polarbl.ba<\/p>\r\n                  <\/div>\r\n                <\/div>\r\n              <\/div>\r\n                          <div class=\"col-xl-6\">\r\n                <div class=\"cs_iconbox cs_style_3\">\r\n                  <div class=\"cs_iconbox_icon cs_center\">\r\n                    <img decoding=\"async\" src=\"https:\/\/polarbl.ba\/wp-content\/uploads\/2024\/11\/contact_icon_4.svg\" alt=\"\">\r\n                  <\/div>\r\n                  <div class=\"cs_iconbox_right\">\r\n                    <h3 class=\"cs_fs_20 cs_medium cs_mb_5\">Radno vrijeme:<\/h3>\r\n                    <p class=\"mb-0\">Pon-Pet: 08-16 h\nVikend neradan<\/p>\r\n                  <\/div>\r\n                <\/div>\r\n              <\/div>\r\n                        <\/div>\r\n            <div class=\"cs_height_35 cs_height_lg_35\"><\/div>\r\n\r\n                            <h3 class=\"cs_fs_24 cs_semibold cs_mb_10\">Polar na mre\u017eama<\/h3>\r\n                                    <div class=\"cs_social_btns cs_style_1 cs_type_1\">\r\n                              <a href=\"#\" class=\"cs_social_btn cs_center\">\r\n                <i class=\"fa-brands fa-facebook-f\"><\/i>\r\n              <\/a>\r\n                            <a href=\"https:\/\/www.instagram.com\/polar_bl_\/?hl=en\" class=\"cs_social_btn cs_center\">\r\n                <i class=\"fa-brands fab fa-instagram\"><\/i>\r\n              <\/a>\r\n                          <\/div>\r\n          <\/div>\r\n          <div class=\"col-xxl-5 offset-xxl-1 col-lg-5\">\r\n                        <div action=\"#\" class=\"cs_contact_form\">\r\n              <h2 class=\"text-center cs_fs_36 cs_semibold\">Za dodatna pitanja<\/h2>\r\n                <style id=\"wpforms-css-vars-926\">\n\t\t\t\t#wpforms-926 {\n\t\t\t\t--wpforms-field-border-color: #afb6b9;\n--wpforms-field-border-color-spare: #afb6b9;\n--wpforms-field-text-color: #262c2e;\n--wpforms-label-color: #262c2e;\n--wpforms-label-sublabel-color: #4c585d;\n--wpforms-label-error-color: #d63636;\n--wpforms-button-background-color: #0090bf;\n--wpforms-button-border-color: #0090bf;\n--wpforms-button-text-color: #e5f4f9;\n--wpforms-page-break-color: #0090bf;\n--wpforms-field-size-input-height: 43px;\n--wpforms-field-size-input-spacing: 15px;\n--wpforms-field-size-font-size: 16px;\n--wpforms-field-size-line-height: 19px;\n--wpforms-field-size-padding-h: 14px;\n--wpforms-field-size-checkbox-size: 16px;\n--wpforms-field-size-sublabel-spacing: 5px;\n--wpforms-field-size-icon-size: 1;\n--wpforms-label-size-font-size: 16px;\n--wpforms-label-size-line-height: 19px;\n--wpforms-label-size-sublabel-font-size: 14px;\n--wpforms-label-size-sublabel-line-height: 17px;\n--wpforms-button-size-font-size: 17px;\n--wpforms-button-size-height: 41px;\n--wpforms-button-size-padding-h: 15px;\n--wpforms-button-size-margin-top: 10px;\n--wpforms-container-shadow-size-box-shadow: none;\n\t\t\t}\n\t\t\t<\/style><div class=\"wpforms-container wpforms-container-full wpforms-render-modern\" id=\"wpforms-926\"><form id=\"wpforms-form-926\" class=\"wpforms-validate wpforms-form wpforms-ajax-form\" data-formid=\"926\" method=\"post\" enctype=\"multipart\/form-data\" action=\"\/ba\/wp-json\/wp\/v2\/pages\/232\" data-token=\"ed5fc98b19e2a3657c4468986625e9e3\" data-token-time=\"1776567617\" data-trp-original-action=\"\/ba\/wp-json\/wp\/v2\/pages\/232\"><noscript class=\"wpforms-error-noscript\">Please enable JavaScript in your browser to complete this form.<\/noscript><div id=\"wpforms-error-noscript\" style=\"display: none;\">Please enable JavaScript in your browser to complete this form.<\/div><div class=\"wpforms-field-container\">\t\t<div id=\"wpforms-926-field_5-container\"\n\t\t\tclass=\"wpforms-field wpforms-field-text\"\n\t\t\tdata-field-type=\"text\"\n\t\t\tdata-field-id=\"5\"\n\t\t\t>\n\t\t\t<label class=\"wpforms-field-label\" for=\"wpforms-926-field_5\" >Prezime poruke Ime<\/label>\n\t\t\t<input type=\"text\" id=\"wpforms-926-field_5\" class=\"wpforms-field-medium\" name=\"wpforms[fields][5]\" >\n\t\t<\/div>\n\t\t<div id=\"wpforms-926-field_1-container\" class=\"wpforms-field wpforms-field-name\" data-field-id=\"1\"><label class=\"wpforms-field-label\" for=\"wpforms-926-field_1\">Ime i Prezime <span class=\"wpforms-required-label\" aria-hidden=\"true\">*<\/span><\/label><input type=\"text\" id=\"wpforms-926-field_1\" class=\"wpforms-field-medium wpforms-field-required\" name=\"wpforms[fields][1]\" aria-errormessage=\"wpforms-926-field_1-error\" required><\/div><div id=\"wpforms-926-field_2-container\" class=\"wpforms-field wpforms-field-email\" data-field-id=\"2\"><label class=\"wpforms-field-label\" for=\"wpforms-926-field_2\">Email <span class=\"wpforms-required-label\" aria-hidden=\"true\">*<\/span><\/label><input type=\"email\" id=\"wpforms-926-field_2\" class=\"wpforms-field-medium wpforms-field-required\" name=\"wpforms[fields][2]\" spellcheck=\"false\" aria-errormessage=\"wpforms-926-field_2-error\" required><\/div><div id=\"wpforms-926-field_3-container\" class=\"wpforms-field wpforms-field-textarea\" data-field-id=\"3\"><label class=\"wpforms-field-label\" for=\"wpforms-926-field_3\">Sadr\u017eaj poruke<\/label><textarea id=\"wpforms-926-field_3\" class=\"wpforms-field-medium\" name=\"wpforms[fields][3]\" aria-errormessage=\"wpforms-926-field_3-error\" ><\/textarea><\/div><div id=\"wpforms-926-field_4-container\" class=\"wpforms-field wpforms-field-captcha\" data-field-id=\"4\"><label class=\"wpforms-field-label\" for=\"wpforms-926-field_4\">Izra\u010dunaj <span class=\"wpforms-required-label\" aria-hidden=\"true\">*<\/span><\/label>\t\t\t<div class=\"wpforms-captcha-math\">\n\t\t\t\t<span id=\"wpforms-926-field_4-question\" class=\"wpforms-captcha-equation\">\n\t\t\t\t\t<span class=\"n1\">9<\/span>\n\t\t\t\t\t\t\t<span class=\"cal\">*<\/span>\n\t\t\t\t\t\t\t<span class=\"n2\">7<\/span>\t\t\t\t\t<span class=\"e\">=<\/span>\n\t\t\t\t<\/span>\n\t\t\t\t<input type=\"text\" id=\"wpforms-926-field_4\" class=\"wpforms-field-medium wpforms-field-required a\" data-rule-wpf-captcha=\"math\" data-is-wrapped-field=\"1\" name=\"wpforms[fields][4][a]\" aria-errormessage=\"wpforms-926-field_4-error\" aria-describedby=\"wpforms-926-field_4-question\" required>\t\t\t\t<input type=\"hidden\" name=\"wpforms[fields][4][cal]\" class=\"cal\">\n\t\t\t\t<input type=\"hidden\" name=\"wpforms[fields][4][n2]\" class=\"n2\">\n\t\t\t\t<input type=\"hidden\" name=\"wpforms[fields][4][n1]\" class=\"n1\">\n\t\t\t<\/div>\n\t\t\t<\/div><script>\n\t\t\t\t( function() {\n\t\t\t\t\tconst style = document.createElement( 'style' );\n\t\t\t\t\tstyle.appendChild( document.createTextNode( '#wpforms-926-field_5-container { position: absolute !important; overflow: hidden !important; display: inline !important; height: 1px !important; width: 1px !important; z-index: -1000 !important; padding: 0 !important; } #wpforms-926-field_5-container input { visibility: hidden; } #wpforms-conversational-form-page #wpforms-926-field_5-container label { counter-increment: none; }' ) );\n\t\t\t\t\tdocument.head.appendChild( style );\n\t\t\t\t\tdocument.currentScript?.remove();\n\t\t\t\t} )();\n\t\t\t<\/script><\/div><!-- .wpforms-field-container --><div class=\"wpforms-submit-container\" ><input type=\"hidden\" name=\"wpforms[id]\" value=\"926\"><input type=\"hidden\" name=\"page_title\" value=\"\"><input type=\"hidden\" name=\"page_url\" value=\"https:\/\/polarbl.ba\/ba\/wp-json\/wp\/v2\/pages\/232\"><input type=\"hidden\" name=\"url_referer\" value=\"\"><button type=\"submit\" name=\"wpforms[submit]\" id=\"wpforms-submit-926\" class=\"wpforms-submit\" data-alt-text=\"Poruka se \u0161alje...\" data-submit-text=\"Po\u0161alji\" aria-live=\"assertive\" value=\"wpforms-submit\">Po\u0161alji<\/button><img decoding=\"async\" src=\"https:\/\/polarbl.ba\/wp-content\/plugins\/wpforms\/assets\/images\/submit-spin.svg\" class=\"wpforms-submit-spinner\" style=\"display: none;\" width=\"26\" height=\"26\" alt=\"Loading\"><\/div><input type=\"hidden\" name=\"trp-form-language\" value=\"ba\"\/><\/form><\/div>  <!-- .wpforms-container -->            <\/div>\r\n                      <\/div>\r\n\r\n        <\/div>\r\n      <\/div>\r\n      <div class=\"cs_height_120 cs_height_lg_80\"><\/div>\r\n    <\/section>\r\n    <!-- End Contact Section -->\r\n    <!-- Start Map Section -->\r\n        <div class=\"cs_map\">\r\n      <iframe src=\"https:\/\/www.google.com\/maps\/embed?pb=!1m14!1m8!1m3!1d589.5916909067319!2d17.1874582!3d44.775651!3m2!1i1024!2i768!4f13.1!3m3!1m2!1s0x475e039da3db2ab5%3A0xcd09035cbe6f31d8!2sPolar%20BL%20d.o.o.!5e1!3m2!1sbs!2sba!4v1774262582626!5m2!1sbs!2sba\" width=\"600\" height=\"450\"><\/iframe>    <\/div>\r\n        <!-- End Map Section -->\r\n\r\n\r\n    \t\t\t\t<\/div>\n\t\t\t\t<\/div>\n\t\t\t\t<\/div>\n\t\t\t\t<\/div>","protected":false},"excerpt":{"rendered":"<p>Kontakt informacije Za sve pitanja mo\u017eete nam se obratiti na neki od navedenih na\u010dina: Na\u0161a lokacija Jovana Du\u010di\u0107a 25, Banja Luka, BiH Kontakt telefon 051 810-097 Email Adresa info@polarbl.ba Radno vrijeme: Pon-Pet: 08-16 h Vikend neradan Polar na mre\u017eama Za dodatna pitanja Please enable JavaScript in your browser to complete this form.Please enable JavaScript in [&hellip;]<\/p>","protected":false},"author":1,"featured_media":0,"parent":0,"menu_order":0,"comment_status":"closed","ping_status":"closed","template":"elementor_header_footer","meta":{"_acf_changed":false,"footnotes":""},"class_list":["post-232","page","type-page","status-publish","hentry"],"acf":[],"_links":{"self":[{"href":"https:\/\/polarbl.ba\/ba\/wp-json\/wp\/v2\/pages\/232","targetHints":{"allow":["GET"]}}],"collection":[{"href":"https:\/\/polarbl.ba\/ba\/wp-json\/wp\/v2\/pages"}],"about":[{"href":"https:\/\/polarbl.ba\/ba\/wp-json\/wp\/v2\/types\/page"}],"author":[{"embeddable":true,"href":"https:\/\/polarbl.ba\/ba\/wp-json\/wp\/v2\/users\/1"}],"replies":[{"embeddable":true,"href":"https:\/\/polarbl.ba\/ba\/wp-json\/wp\/v2\/comments?post=232"}],"version-history":[{"count":47,"href":"https:\/\/polarbl.ba\/ba\/wp-json\/wp\/v2\/pages\/232\/revisions"}],"predecessor-version":[{"id":1853,"href":"https:\/\/polarbl.ba\/ba\/wp-json\/wp\/v2\/pages\/232\/revisions\/1853"}],"wp:attachment":[{"href":"https:\/\/polarbl.ba\/ba\/wp-json\/wp\/v2\/media?parent=232"}],"curies":[{"name":"wp","href":"https:\/\/api.w.org\/{rel}","templated":true}]}}