{"id":230,"date":"2024-09-09T14:07:47","date_gmt":"2024-09-09T14:07:47","guid":{"rendered":"https:\/\/arkdin-wp.laralink.com\/?page_id=230"},"modified":"2025-12-17T07:56:12","modified_gmt":"2025-12-17T07:56:12","slug":"o-nama","status":"publish","type":"page","link":"https:\/\/polarbl.ba\/en\/o-nama\/","title":{"rendered":"O nama"},"content":{"rendered":"\t\t<div data-elementor-type=\"wp-page\" data-elementor-id=\"230\" class=\"elementor elementor-230\" data-elementor-post-type=\"page\">\n\t\t\t\t<div class=\"elementor-element elementor-element-4a2ec68 e-con-full e-flex e-con e-parent\" data-id=\"4a2ec68\" data-element_type=\"container\">\n\t\t\t\t<div class=\"elementor-element elementor-element-4d64e6c elementor-widget elementor-widget-about\" data-id=\"4d64e6c\" data-element_type=\"widget\" data-widget_type=\"about.default\">\n\t\t\t\t<div class=\"elementor-widget-container\">\n\t\t\t\t\t\r\n        \r\n        <section>\r\n              <div class=\"cs_height_120 cs_height_lg_80\"><\/div>\r\n              <div class=\"cs_about cs_style_1\">\r\n                <div class=\"container\">\r\n                  <div class=\"row align-items-center cs_gap_y_40\">\r\n                    <div class=\"col-xl-6 wow fadeInLeft\" data-wow-duration=\"0.9s\" data-wow-delay=\"0.25s\">\r\n                      <div class=\"cs_about_thumb\">\r\n                        <img decoding=\"async\" src=\"https:\/\/polarbl.ba\/wp-content\/uploads\/2025\/12\/P5.webp\" alt=\"\">\r\n                      <\/div>\r\n                    <\/div>\r\n                    <div class=\"col-xl-6\">\r\n                      <div class=\"cs_about_content\">\r\n                                                <div class=\"cs_section_heading cs_style_1 cs_mb_22\">\r\n                                                      <h3 class=\"cs_section_subtitle cs_accent_color text-uppercase cs_medium cs_fs_20 cs_mb_10\">\r\n                            <img decoding=\"async\" src=\"https:\/\/polarbl.ba\/wp-content\/themes\/arkdin\/assets\/img\/icons\/fan.svg\" alt=\"about1\" class=\"cs_section_subheading_icon\">\r\n                            O nama                          <\/h3>\r\n                                                   <h1 class=\"cs_section_title cs_fs_48 cs_semibold mb-\">Ugradnja s precizno\u0161\u0107u \u2013 komfor s stilom.<\/h1>                   \r\n                        <\/div>\r\n                                                 <p class=\"cs_mb_30\">Polar kompanija je osnovana 2019. godine od strane stru\u010dnjaka sa iskustvom od preko 15 godina na polju klimatizacije, grijanja i automatike. \nOd samog po\u010detka radimo kao tim kako bismo svakom na\u0161em klijentu obezbijedili kvalitetnu uslugu. U svakom trenutku smo posve\u0107eni ispunjavanju o\u010dekivanja na\u0161ih klijenata. <\/p>\r\n                                                \r\n                        <div class=\"cs_list_2_wrap\">\r\n                          <ul class=\"cs_list cs_style_2 cs_mp_0 cs_fs_24 cs_semibold cs_heading_font\">\r\n                                                      <li>Klimatizacija<\/li>\r\n                                                       <li>Servis<\/li>\r\n                                                       <li>Odr\u017eavanje<\/li>\r\n                                                     <\/ul>\r\n                          <div class=\"cs_list_experience\">\r\n                                                         <h3 class=\"cs_mb_8 cs_fs_24 cs_semibold\">Usluga<\/h3>\r\n                                                                                    <h2 class=\"mb-0 cs_fs_80 cs_body_font\">10+<\/h2>\r\n                                                      <\/div>\r\n                        <\/div>\r\n                        <div class=\"cs_height_40 cs_height_lg_30\"><\/div>\r\n                        <div class=\"cs_about_btns\">\r\n                          <a href=\"https:\/\/polarbl.ba\/en\/reference\/\" target=\"_self\" rel=\"nofollow\" class=\"cs_btn cs_style_1\">\r\n                            <span>reference<\/span>\r\n                            <svg width=\"14\" height=\"13\" viewBox=\"0 0 14 13\" fill=\"none\" xmlns=\"http:\/\/www.w3.org\/2000\/svg\">\r\n                              <path d=\"M8.28125 0.71875L13.7812 5.96875C13.9271 6.11458 14 6.29167 14 6.5C14 6.70833 13.9271 6.88542 13.7812 7.03125L8.28125 12.2812C7.90625 12.5729 7.55208 12.5729 7.21875 12.2812C6.92708 11.9062 6.92708 11.5521 7.21875 11.2188L11.375 7.25H0.75C0.291667 7.20833 0.0416667 6.95833 0 6.5C0.0416667 6.04167 0.291667 5.79167 0.75 5.75H11.375L7.21875 1.78125C6.92708 1.44792 6.92708 1.09375 7.21875 0.71875C7.55208 0.427083 7.90625 0.427083 8.28125 0.71875Z\" fill=\"currentColor\"><\/path>\r\n                            <\/svg>                \r\n                          <\/a>\r\n                          <div class=\"cs_about_avatar\">\r\n                            <div class=\"cs_about_avatar_thumb\">\r\n                              <img decoding=\"async\" src=\"https:\/\/polarbl.ba\/wp-content\/uploads\/2024\/11\/how_to_work_icon_3.svg\" alt=\"\">\r\n                            <\/div>\r\n                            <div class=\"cs_about_phone_number_right\">\r\n                                                                                           <p class=\"mb-0\">\n\n<\/p>\r\n                                                          <\/div>\r\n                          <\/div>\r\n                        <\/div>\r\n                      <\/div>\r\n                    <\/div>\r\n                  <\/div>\r\n                <\/div>\r\n              <\/div>\r\n              <div class=\"cs_height_120 cs_height_lg_80\"><\/div>\r\n            <\/section>       \r\n\r\n\r\n        \r\n    \t\t\t\t<\/div>\n\t\t\t\t<\/div>\n\t\t\t\t<\/div>\n\t\t<div class=\"elementor-element elementor-element-81c5425 e-con-full e-flex e-con e-parent\" data-id=\"81c5425\" data-element_type=\"container\">\n\t\t\t\t<div class=\"elementor-element elementor-element-48d7eb4 elementor-widget elementor-widget-tp-award\" data-id=\"48d7eb4\" data-element_type=\"widget\" data-widget_type=\"tp-award.default\">\n\t\t\t\t<div class=\"elementor-widget-container\">\n\t\t\t\t\t\r\n            <section class=\"cs_bg_filed\" data-src=\"https:\/\/polarbl.ba\/wp-content\/uploads\/2024\/11\/how_to_work_bg.svg\">\r\n              <div class=\"cs_height_115 cs_height_lg_70\"><\/div>\r\n              <div class=\"container\">\r\n                                <div class=\"cs_section_heading_1_with_sub\">\r\n                  <div class=\"cs_section_heading cs_style_1\">\r\n                                        <h3 class=\"cs_section_subtitle cs_accent_color text-uppercase cs_medium cs_fs_20 cs_mb_10 wow fadeInLeft\" data-wow-duration=\"0.9s\" data-wow-delay=\"0.25s\">\r\n                      <img decoding=\"async\" src=\"https:\/\/polarbl.ba\/wp-content\/themes\/arkdin\/assets\/img\/icons\/fan.svg\" alt=\"shpae\" class=\"cs_section_subheading_icon\">\r\n                     Kako radimo                    <\/h3>\r\n                                        <h1 class=\"cs_section_title cs_fs_48 cs_semibold mb-0\">Na\u0161 na\u010din rada<\/h1>                    \r\n                  <\/div>\r\n                                    <p class=\"mb-0\">Na\u0161 pristup svakom projektu temelji se na stru\u010dnosti, preciznosti i potpunom razumijevanju potreba klijenta. Svaki sistem klimatizacije ili grijanja funkcioni\u0161e mora savr\u0161eno \u2013 uz maksimalnu energetsku efikasnost i dugotrajnu pouzdanost.<\/p>\r\n                                  <\/div>\r\n                <div class=\"cs_height_45 cs_height_lg_45\"><\/div>\r\n                                <div class=\"cs_card_1_wrap\">\r\n\r\n                \r\n                                  <div class=\"cs_card_1_col\">\r\n                    <div class=\"cs_card cs_style_1\">\r\n                      <div class=\"cs_card_in cs_white_bg\">\r\n\r\n                        <div class=\"cs_card_icon cs_center cs_mb_30\">\r\n                          <img decoding=\"async\" src=\"https:\/\/polarbl.ba\/wp-content\/uploads\/2024\/11\/how_to_work_icon_1.svg\" alt=\"\">\r\n                        <\/div>\r\n\r\n                        <h3 class=\"cs_fs_24 cs_semibold cs_mb_6\">Analiza prostora<\/h3>\r\n                        <p class=\"cs_fs_14 cs_mb_25\">Dolazimo na lice mjesta kako bi izvr\u0161ili precizna mjerenja, procjenu izolacije, polo\u017eaja prostorija i mogu\u0107nosti za postavljanje instalacija.\n\n<\/p>\r\n                        <a href=\"https:\/\/polarbl.ba\/usluge\/\" class=\"cs_text_btn cs_fs_14 text-uppercase cs_heading_color cs_bold\">\r\n                          READ MORE                          <svg width=\"14\" height=\"14\" viewBox=\"0 0 14 14\" fill=\"none\" xmlns=\"http:\/\/www.w3.org\/2000\/svg\">\r\n                            <path d=\"M8.28125 1.21875L13.7812 6.46875C13.9271 6.61458 14 6.79167 14 7C14 7.20833 13.9271 7.38542 13.7812 7.53125L8.28125 12.7812C7.90625 13.0729 7.55208 13.0729 7.21875 12.7812C6.92708 12.4062 6.92708 12.0521 7.21875 11.7188L11.375 7.75H0.75C0.291667 7.70833 0.0416667 7.45833 0 7C0.0416667 6.54167 0.291667 6.29167 0.75 6.25H11.375L7.21875 2.28125C6.92708 1.94792 6.92708 1.59375 7.21875 1.21875C7.55208 0.927083 7.90625 0.927083 8.28125 1.21875Z\" fill=\"currentColor\"><\/path>\r\n                          <\/svg>                    \r\n                        <\/a>\r\n                      <\/div>\r\n                      <div class=\"cs_card_shape\">\r\n                        <svg width=\"305\" height=\"145\" viewBox=\"0 0 305 145\" fill=\"none\" xmlns=\"http:\/\/www.w3.org\/2000\/svg\">\r\n                          <path d=\"M274.465 30.698L35.5518 41.3918L0 6.19539V120.27C0 133.924 11.1913 145 24.9875 145H280.012C293.809 145 305 133.924 305 120.27V0.478516L274.465 30.698Z\" fill=\"currentColor\"\/>\r\n                        <\/svg>                  \r\n                      <\/div>\r\n                    <\/div>\r\n                  <\/div>\r\n\r\n                  \r\n                  \r\n                                 \r\n                  <div class=\"cs_card_1_col\">\r\n                    <div class=\"cs_card cs_style_1 cs_type_1\">\r\n                      <div class=\"cs_card_in cs_white_bg\">\r\n                        <h3 class=\"cs_fs_24 cs_semibold cs_mb_6\">Izrada ponude<\/h3>\r\n                        <p class=\"cs_fs_14 cs_mb_25\">Na osnovu prikupljenih podataka izra\u0111ujemo stru\u010dni prijedlog rje\u0161enja, uz izbor optimalne opreme i tehni\u010dkih komponenti.\n<\/p>\r\n                        <a href=\"https:\/\/polarbl.ba\/usluge\/\" class=\"cs_text_btn cs_fs_14 text-uppercase cs_heading_color cs_bold cs_mb_30\">\r\n                          READ MORE                          <svg width=\"14\" height=\"14\" viewBox=\"0 0 14 14\" fill=\"none\" xmlns=\"http:\/\/www.w3.org\/2000\/svg\">\r\n                            <path d=\"M8.28125 1.21875L13.7812 6.46875C13.9271 6.61458 14 6.79167 14 7C14 7.20833 13.9271 7.38542 13.7812 7.53125L8.28125 12.7812C7.90625 13.0729 7.55208 13.0729 7.21875 12.7812C6.92708 12.4062 6.92708 12.0521 7.21875 11.7188L11.375 7.75H0.75C0.291667 7.70833 0.0416667 7.45833 0 7C0.0416667 6.54167 0.291667 6.29167 0.75 6.25H11.375L7.21875 2.28125C6.92708 1.94792 6.92708 1.59375 7.21875 1.21875C7.55208 0.927083 7.90625 0.927083 8.28125 1.21875Z\" fill=\"currentColor\"><\/path>\r\n                          <\/svg>                    \r\n                        <\/a>\r\n\r\n                        <div class=\"cs_card_icon cs_center\">\r\n                          <img decoding=\"async\" src=\"https:\/\/polarbl.ba\/wp-content\/uploads\/2024\/11\/how_to_work_icon_2.svg\" alt=\"\">\r\n                        <\/div>\r\n                        \r\n                      <\/div>\r\n                      <div class=\"cs_card_shape\">\r\n                        <svg width=\"305\" height=\"146\" viewBox=\"0 0 305 146\" fill=\"none\" xmlns=\"http:\/\/www.w3.org\/2000\/svg\">\r\n                          <path d=\"M274.465 115.014L35.5518 104.253L0 139.669V24.883C0 11.1442 11.1913 -0.000549316 24.9875 -0.000549316H280.012C293.809 -0.000549316 305 11.1442 305 24.883V145.422L274.465 115.014Z\" fill=\"currentColor\"\/>\r\n                        <\/svg>                                   \r\n                      <\/div>\r\n                    <\/div>\r\n                  <\/div>\r\n\r\n                  \r\n                  \r\n                                  <div class=\"cs_card_1_col\">\r\n                    <div class=\"cs_card cs_style_1\">\r\n                      <div class=\"cs_card_in cs_white_bg\">\r\n\r\n                        <div class=\"cs_card_icon cs_center cs_mb_30\">\r\n                          <img decoding=\"async\" src=\"https:\/\/polarbl.ba\/wp-content\/uploads\/2024\/11\/how_to_work_icon_3.svg\" alt=\"\">\r\n                        <\/div>\r\n\r\n                        <h3 class=\"cs_fs_24 cs_semibold cs_mb_6\">Instalacija i pu\u0161tanje u rad<\/h3>\r\n                        <p class=\"cs_fs_14 cs_mb_25\">Nakon nstalacije, vr\u0161imo testiranje i probni rad sistema, da bi bili sigurni da sve funkcioni\u0161e besprijekorno. Klijent dobija uputstvo o kori\u0161tenju  i garanciju na izvedene radove.\n<\/p>\r\n                        <a href=\"https:\/\/polarbl.ba\/usluge\/\" class=\"cs_text_btn cs_fs_14 text-uppercase cs_heading_color cs_bold\">\r\n                          READ MORE                          <svg width=\"14\" height=\"14\" viewBox=\"0 0 14 14\" fill=\"none\" xmlns=\"http:\/\/www.w3.org\/2000\/svg\">\r\n                            <path d=\"M8.28125 1.21875L13.7812 6.46875C13.9271 6.61458 14 6.79167 14 7C14 7.20833 13.9271 7.38542 13.7812 7.53125L8.28125 12.7812C7.90625 13.0729 7.55208 13.0729 7.21875 12.7812C6.92708 12.4062 6.92708 12.0521 7.21875 11.7188L11.375 7.75H0.75C0.291667 7.70833 0.0416667 7.45833 0 7C0.0416667 6.54167 0.291667 6.29167 0.75 6.25H11.375L7.21875 2.28125C6.92708 1.94792 6.92708 1.59375 7.21875 1.21875C7.55208 0.927083 7.90625 0.927083 8.28125 1.21875Z\" fill=\"currentColor\"><\/path>\r\n                          <\/svg>                    \r\n                        <\/a>\r\n                      <\/div>\r\n                      <div class=\"cs_card_shape\">\r\n                        <svg width=\"305\" height=\"145\" viewBox=\"0 0 305 145\" fill=\"none\" xmlns=\"http:\/\/www.w3.org\/2000\/svg\">\r\n                          <path d=\"M274.465 30.698L35.5518 41.3918L0 6.19539V120.27C0 133.924 11.1913 145 24.9875 145H280.012C293.809 145 305 133.924 305 120.27V0.478516L274.465 30.698Z\" fill=\"currentColor\"\/>\r\n                        <\/svg>                  \r\n                      <\/div>\r\n                    <\/div>\r\n                  <\/div>\r\n\r\n                  \r\n                  \r\n                                 \r\n                  <div class=\"cs_card_1_col\">\r\n                    <div class=\"cs_card cs_style_1 cs_type_1\">\r\n                      <div class=\"cs_card_in cs_white_bg\">\r\n                        <h3 class=\"cs_fs_24 cs_semibold cs_mb_6\">Servis i redovno odr\u017eavanje<\/h3>\r\n                        <p class=\"cs_fs_14 cs_mb_25\">Za dugotrajan i pouzdan rad sistema nudimo usluge \u2013 \u010di\u0161\u0107enje, dezinfekciju, dopunu freona i provjeru svih komponenti.\n<\/p>\r\n                        <a href=\"https:\/\/polarbl.ba\/usluge\/\" class=\"cs_text_btn cs_fs_14 text-uppercase cs_heading_color cs_bold cs_mb_30\">\r\n                          READ MORE                          <svg width=\"14\" height=\"14\" viewBox=\"0 0 14 14\" fill=\"none\" xmlns=\"http:\/\/www.w3.org\/2000\/svg\">\r\n                            <path d=\"M8.28125 1.21875L13.7812 6.46875C13.9271 6.61458 14 6.79167 14 7C14 7.20833 13.9271 7.38542 13.7812 7.53125L8.28125 12.7812C7.90625 13.0729 7.55208 13.0729 7.21875 12.7812C6.92708 12.4062 6.92708 12.0521 7.21875 11.7188L11.375 7.75H0.75C0.291667 7.70833 0.0416667 7.45833 0 7C0.0416667 6.54167 0.291667 6.29167 0.75 6.25H11.375L7.21875 2.28125C6.92708 1.94792 6.92708 1.59375 7.21875 1.21875C7.55208 0.927083 7.90625 0.927083 8.28125 1.21875Z\" fill=\"currentColor\"><\/path>\r\n                          <\/svg>                    \r\n                        <\/a>\r\n\r\n                        <div class=\"cs_card_icon cs_center\">\r\n                          <img decoding=\"async\" src=\"https:\/\/polarbl.ba\/wp-content\/uploads\/2024\/11\/how_to_work_icon_4.svg\" alt=\"\">\r\n                        <\/div>\r\n                        \r\n                      <\/div>\r\n                      <div class=\"cs_card_shape\">\r\n                        <svg width=\"305\" height=\"146\" viewBox=\"0 0 305 146\" fill=\"none\" xmlns=\"http:\/\/www.w3.org\/2000\/svg\">\r\n                          <path d=\"M274.465 115.014L35.5518 104.253L0 139.669V24.883C0 11.1442 11.1913 -0.000549316 24.9875 -0.000549316H280.012C293.809 -0.000549316 305 11.1442 305 24.883V145.422L274.465 115.014Z\" fill=\"currentColor\"\/>\r\n                        <\/svg>                                   \r\n                      <\/div>\r\n                    <\/div>\r\n                  <\/div>\r\n\r\n                  \r\n                  \r\n\r\n                <\/div>\r\n              <\/div>\r\n              <div class=\"cs_height_120 cs_height_lg_70\"><\/div>\r\n            <\/section>\r\n\r\n    \t\t\t\t<\/div>\n\t\t\t\t<\/div>\n\t\t\t\t<\/div>\n\t\t<div class=\"elementor-element elementor-element-5dfbf1c e-con-full e-flex e-con e-parent\" data-id=\"5dfbf1c\" data-element_type=\"container\">\n\t\t\t\t<div class=\"elementor-element elementor-element-c0ca083 elementor-widget elementor-widget-tp-faq\" data-id=\"c0ca083\" data-element_type=\"widget\" data-widget_type=\"tp-faq.default\">\n\t\t\t\t<div class=\"elementor-widget-container\">\n\t\t\t\t\t        \r\n\r\n         <section>\r\n              <div class=\"cs_height_120 cs_height_lg_80\"><\/div>\r\n              <div class=\"container\">\r\n                <div class=\"row cs_gap_y_40\">\r\n                  <div class=\"col-xl-6 wow fadeInLeft\" data-wow-duration=\"0.9s\" data-wow-delay=\"0.25s\">\r\n                    <div class=\"cs_faq_thumb\">\r\n                      <div class=\"cs_faq_thumb_1\">\r\n                        <img decoding=\"async\" src=\"https:\/\/polarbl.ba\/wp-content\/uploads\/2025\/12\/p4.webp\" alt=\"\">\r\n                      <\/div>\r\n                      <div class=\"cs_faq_thumb_2\">\r\n                        <div class=\"cs_faq_thumb_2_in\">\r\n                          <div class=\"cs_faq_experience_box cs_accent_bg text-center\">\r\n                                                       <h3 class=\"cs_fs_48 cs_white_color\">15+<\/h3>\r\n                                                                                   <p class=\"cs_white_color mb-0\">Kvaliteta <br>i iskustva<\/p>\r\n                                                        <svg width=\"72\" height=\"42\" viewBox=\"0 0 72 42\" class=\"cs_accent_color\" fill=\"none\" xmlns=\"http:\/\/www.w3.org\/2000\/svg\">\r\n                              <path d=\"M0 42V0L72 42H0Z\" fill=\"currentColor\"\/>\r\n                            <\/svg>                      \r\n                          <\/div>\r\n                          <img decoding=\"async\" src=\"https:\/\/polarbl.ba\/wp-content\/uploads\/2025\/12\/New-Project.jpg\" alt=\"\">\r\n                        <\/div>\r\n                      <\/div>\r\n                                            <div class=\"cs_thumb_text\">Polar Banja Luka-za ugodniji prostor <\/div>\r\n                                          <\/div>\r\n                  <\/div>\r\n                  <div class=\"col-xl-6\">\r\n                    <div class=\"cs_section_heading cs_style_1\">\r\n                                              <h3 class=\"cs_section_subtitle cs_accent_color text-uppercase cs_medium cs_fs_20 cs_mb_10\">\r\n                        <img decoding=\"async\" src=\"https:\/\/polarbl.ba\/wp-content\/themes\/arkdin\/assets\/img\/icons\/fan.svg\" alt=\"\" class=\"cs_section_subheading_icon\">\r\n                        Vi\u0161e o nama                      <\/h3>\r\n                                               <h1 class=\"cs_section_title cs_fs_48 cs_semibold mb-0\">Ako \u017eelite znati vi\u0161e...<\/h1> \r\n                                         \r\n                      <p class=\"cs_section_text\">Kombinujemo stru\u010dnost, kvalitetnu opremu i pouzdan rad, kako bismo svakom klijentu omogu\u0107ili optimalnu temperaturu i u\u0161tedu energije tokom cijele godine.<\/p>\r\n                                          <\/div>\r\n                    <div class=\"cs_height_45 cs_height_lg_45\"><\/div>\r\n                    <div class=\"cs_accordians cs_style_1\">\r\n                                              <div class=\"cs_accordian active\">\r\n                        <div class=\"cs_accordian_head\">\r\n                          <h2 class=\"cs_accordian_title cs_fs_18 cs_medium mb-0\">Klimatizacija<\/h2>\r\n                          <span class=\"cs_accordian_toggle\"><\/span>\r\n                        <\/div>\r\n                        <div class=\"cs_accordian_body\">\r\n                          <p>\n\nUz nas mo\u017eete biti sigurni da \u0107ete i u vrelim danima u\u017eivati u ugodnosti va\u0161eg ohla\u0111enog doma ili kancelarije.<\/p>\r\n                        <\/div>\r\n                      <\/div><!-- .cs_accordian -->\r\n                                            <div class=\"cs_accordian \">\r\n                        <div class=\"cs_accordian_head\">\r\n                          <h2 class=\"cs_accordian_title cs_fs_18 cs_medium mb-0\">Ventilacija<\/h2>\r\n                          <span class=\"cs_accordian_toggle\"><\/span>\r\n                        <\/div>\r\n                        <div class=\"cs_accordian_body\">\r\n                          <p>Odr\u017eavanje kvaliteta vazduha je svakako jedna od bitnijih stvari za funkcionisanje na\u0161eg svakodnevnog - modernog stila \u017eivota.<\/p>\r\n                        <\/div>\r\n                      <\/div><!-- .cs_accordian -->\r\n                                            <div class=\"cs_accordian \">\r\n                        <div class=\"cs_accordian_head\">\r\n                          <h2 class=\"cs_accordian_title cs_fs_18 cs_medium mb-0\">Grijanje<\/h2>\r\n                          <span class=\"cs_accordian_toggle\"><\/span>\r\n                        <\/div>\r\n                        <div class=\"cs_accordian_body\">\r\n                          <p>\nKada je rije\u010d i o grijanju sa ponosom mo\u017eemo re\u0107i da smo mi iz Polara dokazano va\u0161 najbolji izbor.<\/p>\r\n                        <\/div>\r\n                      <\/div><!-- .cs_accordian -->\r\n                                          <\/div>\r\n                  <\/div>\r\n                <\/div>\r\n              <\/div>\r\n              <div class=\"cs_height_120 cs_height_lg_80\"><\/div>\r\n            <\/section>\r\n\r\n\t\t\t\t\t<\/div>\n\t\t\t\t<\/div>\n\t\t\t\t<\/div>\n\t\t\t\t<\/div>\n\t\t","protected":false},"excerpt":{"rendered":"<p>O nama Ugradnja s precizno\u0161\u0107u \u2013 komfor s stilom. Polar kompanija je osnovana 2019. godine od strane stru\u010dnjaka sa iskustvom od preko 15 godina na polju klimatizacije, grijanja i automatike. Od samog po\u010detka radimo kao tim kako bismo svakom na\u0161em klijentu obezbijedili kvalitetnu uslugu. U svakom trenutku smo posve\u0107eni ispunjavanju o\u010dekivanja na\u0161ih klijenata. Klimatizacija Servis [&hellip;]<\/p>\n","protected":false},"author":1,"featured_media":0,"parent":0,"menu_order":0,"comment_status":"closed","ping_status":"closed","template":"elementor_header_footer","meta":{"_acf_changed":false,"footnotes":""},"class_list":["post-230","page","type-page","status-publish","hentry"],"acf":[],"_links":{"self":[{"href":"https:\/\/polarbl.ba\/en\/wp-json\/wp\/v2\/pages\/230","targetHints":{"allow":["GET"]}}],"collection":[{"href":"https:\/\/polarbl.ba\/en\/wp-json\/wp\/v2\/pages"}],"about":[{"href":"https:\/\/polarbl.ba\/en\/wp-json\/wp\/v2\/types\/page"}],"author":[{"embeddable":true,"href":"https:\/\/polarbl.ba\/en\/wp-json\/wp\/v2\/users\/1"}],"replies":[{"embeddable":true,"href":"https:\/\/polarbl.ba\/en\/wp-json\/wp\/v2\/comments?post=230"}],"version-history":[{"count":80,"href":"https:\/\/polarbl.ba\/en\/wp-json\/wp\/v2\/pages\/230\/revisions"}],"predecessor-version":[{"id":1791,"href":"https:\/\/polarbl.ba\/en\/wp-json\/wp\/v2\/pages\/230\/revisions\/1791"}],"wp:attachment":[{"href":"https:\/\/polarbl.ba\/en\/wp-json\/wp\/v2\/media?parent=230"}],"curies":[{"name":"wp","href":"https:\/\/api.w.org\/{rel}","templated":true}]}}